{"id":262,"date":"2024-11-06T01:43:38","date_gmt":"2024-11-06T01:43:38","guid":{"rendered":"https:\/\/bapt-europe.com\/?page_id=262"},"modified":"2024-11-06T02:08:37","modified_gmt":"2024-11-06T02:08:37","slug":"visao","status":"publish","type":"page","link":"https:\/\/bapt-europe.com\/?page_id=262","title":{"rendered":"VIS\u00c3O"},"content":{"rendered":"\n<p class=\"has-text-align-center has-large-font-size\"><strong>Queremos ser um parceiro de refer\u00eancia dos Distribuidores nos mercados onde atuamos.<\/strong> Somos uma empresa respons\u00e1vel que promove a ado\u00e7\u00e3o das melhores pr\u00e1ticas de efici\u00eancia e\u00a0 sustentabilidade no mercado autom\u00f3vel.<\/p>\n","protected":false},"excerpt":{"rendered":"<p>Queremos ser um parceiro de refer\u00eancia dos Distribuidores nos mercados onde atuamos. Somos uma empresa respons\u00e1vel que promove a ado\u00e7\u00e3o das melhores pr\u00e1ticas de efici\u00eancia e\u00a0 sustentabilidade no mercado autom\u00f3vel.<\/p>\n","protected":false},"author":1,"featured_media":0,"parent":0,"menu_order":0,"comment_status":"closed","ping_status":"closed","template":"","meta":{"pagelayer_contact_templates":[],"_pagelayer_content":"","footnotes":""},"class_list":["post-262","page","type-page","status-publish","hentry"],"yoast_head":"<!-- This site is optimized with the Yoast SEO plugin v27.4 - https:\/\/yoast.com\/product\/yoast-seo-wordpress\/ -->\n<title>VIS\u00c3O -<\/title>\n<meta name=\"robots\" content=\"index, follow, max-snippet:-1, max-image-preview:large, max-video-preview:-1\" \/>\n<link rel=\"canonical\" href=\"https:\/\/bapt-europe.com\/?page_id=262\" \/>\n<meta property=\"og:locale\" content=\"pt_PT\" \/>\n<meta property=\"og:type\" content=\"article\" \/>\n<meta property=\"og:title\" content=\"VIS\u00c3O -\" \/>\n<meta property=\"og:description\" content=\"Queremos ser um parceiro de refer\u00eancia dos Distribuidores nos mercados onde atuamos. Somos uma empresa respons\u00e1vel que promove a ado\u00e7\u00e3o das melhores pr\u00e1ticas de efici\u00eancia e\u00a0 sustentabilidade no mercado autom\u00f3vel.\" \/>\n<meta property=\"og:url\" content=\"https:\/\/bapt-europe.com\/?page_id=262\" \/>\n<meta property=\"article:modified_time\" content=\"2024-11-06T02:08:37+00:00\" \/>\n<meta name=\"twitter:card\" content=\"summary_large_image\" \/>\n<script type=\"application\/ld+json\" class=\"yoast-schema-graph\">{\"@context\":\"https:\\\/\\\/schema.org\",\"@graph\":[{\"@type\":\"WebPage\",\"@id\":\"https:\\\/\\\/bapt-europe.com\\\/?page_id=262\",\"url\":\"https:\\\/\\\/bapt-europe.com\\\/?page_id=262\",\"name\":\"VIS\u00c3O -\",\"isPartOf\":{\"@id\":\"https:\\\/\\\/bapt-europe.com\\\/#website\"},\"datePublished\":\"2024-11-06T01:43:38+00:00\",\"dateModified\":\"2024-11-06T02:08:37+00:00\",\"breadcrumb\":{\"@id\":\"https:\\\/\\\/bapt-europe.com\\\/?page_id=262#breadcrumb\"},\"inLanguage\":\"pt-PT\",\"potentialAction\":[{\"@type\":\"ReadAction\",\"target\":[\"https:\\\/\\\/bapt-europe.com\\\/?page_id=262\"]}]},{\"@type\":\"BreadcrumbList\",\"@id\":\"https:\\\/\\\/bapt-europe.com\\\/?page_id=262#breadcrumb\",\"itemListElement\":[{\"@type\":\"ListItem\",\"position\":1,\"name\":\"In\u00edcio\",\"item\":\"https:\\\/\\\/bapt-europe.com\\\/\"},{\"@type\":\"ListItem\",\"position\":2,\"name\":\"VIS\u00c3O\"}]},{\"@type\":\"WebSite\",\"@id\":\"https:\\\/\\\/bapt-europe.com\\\/#website\",\"url\":\"https:\\\/\\\/bapt-europe.com\\\/\",\"name\":\"\",\"description\":\"Your Aftermarket Partner\",\"potentialAction\":[{\"@type\":\"SearchAction\",\"target\":{\"@type\":\"EntryPoint\",\"urlTemplate\":\"https:\\\/\\\/bapt-europe.com\\\/?s={search_term_string}\"},\"query-input\":{\"@type\":\"PropertyValueSpecification\",\"valueRequired\":true,\"valueName\":\"search_term_string\"}}],\"inLanguage\":\"pt-PT\"}]}<\/script>\n<!-- \/ Yoast SEO plugin. -->","yoast_head_json":{"title":"VIS\u00c3O -","robots":{"index":"index","follow":"follow","max-snippet":"max-snippet:-1","max-image-preview":"max-image-preview:large","max-video-preview":"max-video-preview:-1"},"canonical":"https:\/\/bapt-europe.com\/?page_id=262","og_locale":"pt_PT","og_type":"article","og_title":"VIS\u00c3O -","og_description":"Queremos ser um parceiro de refer\u00eancia dos Distribuidores nos mercados onde atuamos. Somos uma empresa respons\u00e1vel que promove a ado\u00e7\u00e3o das melhores pr\u00e1ticas de efici\u00eancia e\u00a0 sustentabilidade no mercado autom\u00f3vel.","og_url":"https:\/\/bapt-europe.com\/?page_id=262","article_modified_time":"2024-11-06T02:08:37+00:00","twitter_card":"summary_large_image","schema":{"@context":"https:\/\/schema.org","@graph":[{"@type":"WebPage","@id":"https:\/\/bapt-europe.com\/?page_id=262","url":"https:\/\/bapt-europe.com\/?page_id=262","name":"VIS\u00c3O -","isPartOf":{"@id":"https:\/\/bapt-europe.com\/#website"},"datePublished":"2024-11-06T01:43:38+00:00","dateModified":"2024-11-06T02:08:37+00:00","breadcrumb":{"@id":"https:\/\/bapt-europe.com\/?page_id=262#breadcrumb"},"inLanguage":"pt-PT","potentialAction":[{"@type":"ReadAction","target":["https:\/\/bapt-europe.com\/?page_id=262"]}]},{"@type":"BreadcrumbList","@id":"https:\/\/bapt-europe.com\/?page_id=262#breadcrumb","itemListElement":[{"@type":"ListItem","position":1,"name":"In\u00edcio","item":"https:\/\/bapt-europe.com\/"},{"@type":"ListItem","position":2,"name":"VIS\u00c3O"}]},{"@type":"WebSite","@id":"https:\/\/bapt-europe.com\/#website","url":"https:\/\/bapt-europe.com\/","name":"","description":"Your Aftermarket Partner","potentialAction":[{"@type":"SearchAction","target":{"@type":"EntryPoint","urlTemplate":"https:\/\/bapt-europe.com\/?s={search_term_string}"},"query-input":{"@type":"PropertyValueSpecification","valueRequired":true,"valueName":"search_term_string"}}],"inLanguage":"pt-PT"}]}},"_links":{"self":[{"href":"https:\/\/bapt-europe.com\/index.php?rest_route=\/wp\/v2\/pages\/262","targetHints":{"allow":["GET"]}}],"collection":[{"href":"https:\/\/bapt-europe.com\/index.php?rest_route=\/wp\/v2\/pages"}],"about":[{"href":"https:\/\/bapt-europe.com\/index.php?rest_route=\/wp\/v2\/types\/page"}],"author":[{"embeddable":true,"href":"https:\/\/bapt-europe.com\/index.php?rest_route=\/wp\/v2\/users\/1"}],"replies":[{"embeddable":true,"href":"https:\/\/bapt-europe.com\/index.php?rest_route=%2Fwp%2Fv2%2Fcomments&post=262"}],"version-history":[{"count":2,"href":"https:\/\/bapt-europe.com\/index.php?rest_route=\/wp\/v2\/pages\/262\/revisions"}],"predecessor-version":[{"id":292,"href":"https:\/\/bapt-europe.com\/index.php?rest_route=\/wp\/v2\/pages\/262\/revisions\/292"}],"wp:attachment":[{"href":"https:\/\/bapt-europe.com\/index.php?rest_route=%2Fwp%2Fv2%2Fmedia&parent=262"}],"curies":[{"name":"wp","href":"https:\/\/api.w.org\/{rel}","templated":true}]}}